{"id":16,"date":"2025-01-21T10:32:01","date_gmt":"2025-01-21T10:32:01","guid":{"rendered":"https:\/\/nikkias.com\/?page_id=16"},"modified":"2025-06-09T11:58:43","modified_gmt":"2025-06-09T11:58:43","slug":"faq","status":"publish","type":"page","link":"https:\/\/nikkias.com\/sr\/faq","title":{"rendered":"FAQ"},"content":{"rendered":"<section class=\"section dark\" id=\"section_1999516966\">\n\t\t<div class=\"section-bg fill\" >\n\t\t\t<img loading=\"lazy\" decoding=\"async\" width=\"6240\" height=\"4160\" src=\"https:\/\/nikkias.com\/wp-content\/uploads\/2025\/06\/IMG_6312.webp\" class=\"bg attachment- size-\" alt=\"\" \/>\t\t\t\t\t\t<div class=\"section-bg-overlay absolute fill\"><\/div>\n\t\t\t\n\n\t\t<\/div>\n\n\t\t\n\n\t\t<div class=\"section-content relative\">\n\t\t\t\n\n<div class=\"row\"  id=\"row-2042726750\">\n\n\n\t<div id=\"col-690049788\" class=\"col small-12 large-12\"  >\n\t\t\t\t<div class=\"col-inner\"  >\n\t\t\t\n\t\t\t\n\n\t<div id=\"gap-1248232518\" class=\"gap-element clearfix\" style=\"display:block; height:auto;\">\n\t\t\n<style>\n#gap-1248232518 {\n  padding-top: 30px;\n}\n<\/style>\n\t<\/div>\n\t\n\n\t<div id=\"text-2922854019\" class=\"text\">\n\t\t\n\n<h1>FAQ<\/h1>\n\t\t\n<style>\n#text-2922854019 {\n  font-size: 1.6rem;\n  text-align: center;\n}\n<\/style>\n\t<\/div>\n\t\n\n\t\t<\/div>\n\t\t\t\t\t<\/div>\n\n\t\n\n<\/div>\n\n\t\t<\/div>\n\n\t\t\n<style>\n#section_1999516966 {\n  padding-top: 30px;\n  padding-bottom: 30px;\n  min-height: 350px;\n}\n#section_1999516966 .section-bg-overlay {\n  background-color: rgba(0, 0, 0, 0.064);\n}\n#section_1999516966 .section-bg img {\n  object-position: 62% 62%;\n}\n<\/style>\n\t<\/section>\n\t\n\n\t<section class=\"section\" id=\"section_1678763379\">\n\t\t<div class=\"section-bg fill\" >\n\t\t\t\t\t\t\t\t\t\n\t\t\t\n\n\t\t<\/div>\n\n\t\t\n\n\t\t<div class=\"section-content relative\">\n\t\t\t\n\n<div class=\"row align-center\"  id=\"row-1726523012\">\n\n\n\t<div id=\"col-1125022555\" class=\"col medium-10 small-12 large-3\"  >\n\t\t\t\t<div class=\"col-inner\"  >\n\t\t\t\n\t\t\t\n\n<h3>Proizvod<\/h3>\n<p>\u00a0<\/p>\n\n\t\t<\/div>\n\t\t\t\t\t<\/div>\n\n\t\n\n\t<div id=\"col-1547431054\" class=\"col medium-10 small-12 large-6\"  >\n\t\t\t\t<div class=\"col-inner\"  >\n\t\t\t\n\t\t\t\n\n<div class=\"accordion\">\n\n\t<div id=\"accordion-3595068511\" class=\"accordion-item\">\n\t\t<a id=\"accordion-3595068511-label\" class=\"accordion-title plain\" href=\"#accordion-item-do-you-make-custom-designs?\" aria-expanded=\"false\" aria-controls=\"accordion-3595068511-content\">\n\t\t\t<button class=\"toggle\" aria-label=\"Toggle\"><i class=\"icon-angle-down\" aria-hidden=\"true\"><\/i><\/button>\n\t\t\t<span>Da li pravite modele po narud\u017ebini?<\/span>\n\t\t<\/a>\n\t\t<div id=\"accordion-3595068511-content\" class=\"accordion-inner\" aria-labelledby=\"accordion-3595068511-label\">\n\t\t\t\n\n<p>U ovom trenutku ne nudimo izradu po mjeri, ali planiramo da lansiramo limitirane serije. Prijavite se na newsletter kako biste prvi saznali za nove kolekcije.<\/p>\n\n\t\t<\/div>\n\t<\/div>\n\t\n\t<div id=\"accordion-4006287639\" class=\"accordion-item\">\n\t\t<a id=\"accordion-4006287639-label\" class=\"accordion-title plain\" href=\"#accordion-item-how-do-i-know-which-model-is-best-for-me?\" aria-expanded=\"false\" aria-controls=\"accordion-4006287639-content\">\n\t\t\t<button class=\"toggle\" aria-label=\"Toggle\"><i class=\"icon-angle-down\" aria-hidden=\"true\"><\/i><\/button>\n\t\t\t<span>Kako da znam koji model mi najbolje pristaje?<\/span>\n\t\t<\/a>\n\t\t<div id=\"accordion-4006287639-content\" class=\"accordion-inner\" aria-labelledby=\"accordion-4006287639-label\">\n\t\t\t\n\n<p>Uskoro \u0107emo dodati \u201cvirtual try-on\u201d opciju. Do tada, slobodno nas kontaktirajte \u2014 rado \u0107emo vam pomo\u0107i oko izbora prema obliku lica i stilu.<\/p>\n\n\t\t<\/div>\n\t<\/div>\n\t\n\t<div id=\"accordion-1327943922\" class=\"accordion-item\">\n\t\t<a id=\"accordion-1327943922-label\" class=\"accordion-title plain\" href=\"#accordion-item-how-do-i-maintain-my-nikkias-glasses?\" aria-expanded=\"false\" aria-controls=\"accordion-1327943922-content\">\n\t\t\t<button class=\"toggle\" aria-label=\"Toggle\"><i class=\"icon-angle-down\" aria-hidden=\"true\"><\/i><\/button>\n\t\t\t<span>Kako da odr\u017eavam svoje Nikkias nao\u010dare?<\/span>\n\t\t<\/a>\n\t\t<div id=\"accordion-1327943922-content\" class=\"accordion-inner\" aria-labelledby=\"accordion-1327943922-label\">\n\t\t\t\n\n<p>Preporu\u010dujemo da ih \u010duvate u kutiji kada nisu u upotrebi, \u010distite suvom ili blago vla\u017enom krpom za so\u010diva.<\/p>\n\n\t\t<\/div>\n\t<\/div>\n\t\n\t<div id=\"accordion-3288749275\" class=\"accordion-item\">\n\t\t<a id=\"accordion-3288749275-label\" class=\"accordion-title plain\" href=\"#accordion-item-are-the-glasses-waterproof?\" aria-expanded=\"false\" aria-controls=\"accordion-3288749275-content\">\n\t\t\t<button class=\"toggle\" aria-label=\"Toggle\"><i class=\"icon-angle-down\" aria-hidden=\"true\"><\/i><\/button>\n\t\t\t<span>Da li su nao\u010dare vodootporne?<\/span>\n\t\t<\/a>\n\t\t<div id=\"accordion-3288749275-content\" class=\"accordion-inner\" aria-labelledby=\"accordion-3288749275-label\">\n\t\t\t\n\n<p>Nao\u010dare su otporne na vlagu i kapljice vode, ali ih ne preporu\u010dujemo za no\u0161enje u vodi. Kao prirodni materijal, drvo je osjetljivo na du\u017eu izlo\u017eenost vlazi.<\/p>\n\n\t\t<\/div>\n\t<\/div>\n\t\n\t<div id=\"accordion-3133569151\" class=\"accordion-item\">\n\t\t<a id=\"accordion-3133569151-label\" class=\"accordion-title plain\" href=\"#accordion-item-are-the-glasses-polarized?\" aria-expanded=\"false\" aria-controls=\"accordion-3133569151-content\">\n\t\t\t<button class=\"toggle\" aria-label=\"Toggle\"><i class=\"icon-angle-down\" aria-hidden=\"true\"><\/i><\/button>\n\t\t\t<span>Da li su stakla polarizovana?<\/span>\n\t\t<\/a>\n\t\t<div id=\"accordion-3133569151-content\" class=\"accordion-inner\" aria-labelledby=\"accordion-3133569151-label\">\n\t\t\t\n\n<p>Ne, trenutno koristimo ne-polarizovana Carl Zeiss so\u010diva jer pru\u017eaju optimalan balans izme\u0111u jasno\u0107e i za\u0161tite, uz prirodniji prikaz boja. U planu su i verzije sa polarizacijom.<\/p>\n\n\t\t<\/div>\n\t<\/div>\n\t\n\t<div id=\"accordion-2504414174\" class=\"accordion-item\">\n\t\t<a id=\"accordion-2504414174-label\" class=\"accordion-title plain\" href=\"#accordion-item-what-materials-are-nikkias-glasses-made-of?\" aria-expanded=\"false\" aria-controls=\"accordion-2504414174-content\">\n\t\t\t<button class=\"toggle\" aria-label=\"Toggle\"><i class=\"icon-angle-down\" aria-hidden=\"true\"><\/i><\/button>\n\t\t\t<span>Od kojih materijala su izra\u0111ene Nikkias nao\u010dare?<\/span>\n\t\t<\/a>\n\t\t<div id=\"accordion-2504414174-content\" class=\"accordion-inner\" aria-labelledby=\"accordion-2504414174-label\">\n\t\t\t\n\n<p>Na\u0161i ramovi su izra\u0111eni od prirodnog drveta i karbonskih vlakana, dok su stakla visokokvalitetna, reciklabilna i dolaze sa UV300 za\u0161titom. Sve komponente \u2013 uklju\u010duju\u0107i pakovanja i kesice \u2013 su ekolo\u0161ki prihvatljive i mogu se reciklirati.<\/p>\n\n\t\t<\/div>\n\t<\/div>\n\t\n\n<\/div>\n\n\t\t<\/div>\n\t\t\t\t\t<\/div>\n\n\t\n\n<\/div>\n<div class=\"row align-center\"  id=\"row-157448921\">\n\n\n\t<div id=\"col-1191783516\" class=\"col medium-10 small-12 large-3\"  >\n\t\t\t\t<div class=\"col-inner\"  >\n\t\t\t\n\t\t\t\n\n<h3>Povrat i pla\u0107anje\u00a0<\/h3>\n\n\t\t<\/div>\n\t\t\t\t\t<\/div>\n\n\t\n\n\t<div id=\"col-444942600\" class=\"col medium-10 small-12 large-6\"  >\n\t\t\t\t<div class=\"col-inner\"  >\n\t\t\t\n\t\t\t\n\n<div class=\"accordion\">\n\n\t<div id=\"accordion-1545855413\" class=\"accordion-item\">\n\t\t<a id=\"accordion-1545855413-label\" class=\"accordion-title plain\" href=\"#accordion-item-can-i-return-or-exchange-my-glasses?\" aria-expanded=\"false\" aria-controls=\"accordion-1545855413-content\">\n\t\t\t<button class=\"toggle\" aria-label=\"Toggle\"><i class=\"icon-angle-down\" aria-hidden=\"true\"><\/i><\/button>\n\t\t\t<span>Mogu li da vratim ili zamijenim nao\u010dare?<\/span>\n\t\t<\/a>\n\t\t<div id=\"accordion-1545855413-content\" class=\"accordion-inner\" aria-labelledby=\"accordion-1545855413-label\">\n\t\t\t\n\n<p>Naravno. Imate pravo na povrat ili zamjenu u roku od 14 dana od prijema proizvoda, pod uslovom da nao\u010dare nisu no\u0161ene i da se vra\u0107aju u originalnom pakovanju.<\/p>\n\n\t\t<\/div>\n\t<\/div>\n\t\n\n<\/div>\n\n\t\t<\/div>\n\t\t\t\t\t<\/div>\n\n\t\n\n<\/div>\n<div class=\"row align-center\"  id=\"row-1927555542\">\n\n\n\t<div id=\"col-407341526\" class=\"col medium-10 small-12 large-3\"  >\n\t\t\t\t<div class=\"col-inner\"  >\n\t\t\t\n\t\t\t\n\n<h3>Dostava<\/h3>\n\n\t\t<\/div>\n\t\t\t\t\t<\/div>\n\n\t\n\n\t<div id=\"col-894459341\" class=\"col medium-10 small-12 large-6\"  >\n\t\t\t\t<div class=\"col-inner\"  >\n\t\t\t\n\t\t\t\n\n<div class=\"accordion\">\n\n\t<div id=\"accordion-848597638\" class=\"accordion-item\">\n\t\t<a id=\"accordion-848597638-label\" class=\"accordion-title plain\" href=\"#accordion-item-do-you-ship-internationally?\" aria-expanded=\"false\" aria-controls=\"accordion-848597638-content\">\n\t\t\t<button class=\"toggle\" aria-label=\"Toggle\"><i class=\"icon-angle-down\" aria-hidden=\"true\"><\/i><\/button>\n\t\t\t<span>Da li vr\u0161ite dostavu u inostranstvo?<\/span>\n\t\t<\/a>\n\t\t<div id=\"accordion-848597638-content\" class=\"accordion-inner\" aria-labelledby=\"accordion-848597638-label\">\n\t\t\t\n\n<p>Da, dostavljamo \u0161irom svijeta.<\/p>\n\n\t\t<\/div>\n\t<\/div>\n\t\n\t<div id=\"accordion-3362017645\" class=\"accordion-item\">\n\t\t<a id=\"accordion-3362017645-label\" class=\"accordion-title plain\" href=\"#accordion-item-how-long-does-delivery-take?\" aria-expanded=\"false\" aria-controls=\"accordion-3362017645-content\">\n\t\t\t<button class=\"toggle\" aria-label=\"Toggle\"><i class=\"icon-angle-down\" aria-hidden=\"true\"><\/i><\/button>\n\t\t\t<span>Koliko traje isporuka?<\/span>\n\t\t<\/a>\n\t\t<div id=\"accordion-3362017645-content\" class=\"accordion-inner\" aria-labelledby=\"accordion-3362017645-label\">\n\t\t\t\n\n<p>For orders within Montenegro: 1\u20133 business days.<br \/>Za narud\u017ebine unutar Crne Gore: 1\u20133 radna dana.\nZa me\u0111unarodne narud\u017ebine: 7\u201314 radnih dana, u zavisnosti od lokacije.<\/p>\n\n\t\t<\/div>\n\t<\/div>\n\t\n\n<\/div>\n\n\t\t<\/div>\n\t\t\t\t\t<\/div>\n\n\t\n\n<\/div>\n\n\t\t<\/div>\n\n\t\t\n<style>\n#section_1678763379 {\n  padding-top: 60px;\n  padding-bottom: 60px;\n  background-color: rgb(255,255,255);\n}\n<\/style>\n\t<\/section>\n\t\n\n\t<section class=\"section\" id=\"section_557721981\">\n\t\t<div class=\"section-bg fill\" >\n\t\t\t\t\t\t\t\t\t\n\t\t\t\n\n\t\t<\/div>\n\n\t\t\n\n\t\t<div class=\"section-content relative\">\n\t\t\t\n\n<div class=\"row row-collapse align-center\"  id=\"row-1887829082\">\n\n\n\t<div id=\"col-1236184545\" class=\"col medium-10 small-12 large-8\"  >\n\t\t\t\t<div class=\"col-inner text-center\"  >\n\t\t\t\n\t\t\t\n\n<h1>Imate pitanje:<\/h1>\n<p class=\"lead translation-block\">Pitanja su dobrodosla. Ba\u0161 kao i va\u0161a radoznalost.<br>\nAko vam ne\u0161to nije jasno ili \u017eelite vi\u0161e informacija \u2014 tu smo za vas. Na\u0161 tim \u0107e u najkra\u0107em roku odgovoriti na sve va\u0161e zahtjeve.<\/p>\n<a href=\"\/contact\" class=\"button primary\" style=\"border-radius:99px;\">\n\t\t<span>Kontakt<\/span>\n\t<\/a>\n\n\n\n\t\t<\/div>\n\t\t\t\t\t<\/div>\n\n\t\n\n<\/div>\n\n\t\t<\/div>\n\n\t\t\n<style>\n#section_557721981 {\n  padding-top: 0px;\n  padding-bottom: 0px;\n}\n@media (min-width:550px) {\n  #section_557721981 {\n    padding-top: 0px;\n    padding-bottom: 0px;\n  }\n}\n@media (min-width:850px) {\n  #section_557721981 {\n    padding-top: 0px;\n    padding-bottom: 0px;\n  }\n}\n<\/style>\n\t<\/section>","protected":false},"excerpt":{"rendered":"","protected":false},"author":1,"featured_media":0,"parent":0,"menu_order":0,"comment_status":"closed","ping_status":"closed","template":"","meta":{"footnotes":""},"class_list":["post-16","page","type-page","status-publish","hentry"],"_links":{"self":[{"href":"https:\/\/nikkias.com\/sr\/wp-json\/wp\/v2\/pages\/16","targetHints":{"allow":["GET"]}}],"collection":[{"href":"https:\/\/nikkias.com\/sr\/wp-json\/wp\/v2\/pages"}],"about":[{"href":"https:\/\/nikkias.com\/sr\/wp-json\/wp\/v2\/types\/page"}],"author":[{"embeddable":true,"href":"https:\/\/nikkias.com\/sr\/wp-json\/wp\/v2\/users\/1"}],"replies":[{"embeddable":true,"href":"https:\/\/nikkias.com\/sr\/wp-json\/wp\/v2\/comments?post=16"}],"version-history":[{"count":9,"href":"https:\/\/nikkias.com\/sr\/wp-json\/wp\/v2\/pages\/16\/revisions"}],"predecessor-version":[{"id":848,"href":"https:\/\/nikkias.com\/sr\/wp-json\/wp\/v2\/pages\/16\/revisions\/848"}],"wp:attachment":[{"href":"https:\/\/nikkias.com\/sr\/wp-json\/wp\/v2\/media?parent=16"}],"curies":[{"name":"wp","href":"https:\/\/api.w.org\/{rel}","templated":true}]}}