{"id":167,"date":"2025-01-23T10:50:02","date_gmt":"2025-01-23T10:50:02","guid":{"rendered":"https:\/\/nikkias.com\/?page_id=167"},"modified":"2025-08-24T11:19:07","modified_gmt":"2025-08-24T11:19:07","slug":"privacy-policy","status":"publish","type":"page","link":"https:\/\/nikkias.com\/sr\/privacy-policy","title":{"rendered":"Politika privatnosti"},"content":{"rendered":"<section class=\"section\" id=\"section_606520797\">\n\t\t<div class=\"section-bg fill\" >\n\t\t\t\t\t\t\t\t\t\n\t\t\t\n\n\t\t<\/div>\n\n\t\t\n\n\t\t<div class=\"section-content relative\">\n\t\t\t\n\n\t<div id=\"gap-2047075915\" class=\"gap-element clearfix\" style=\"display:block; height:auto;\">\n\t\t\n<style>\n#gap-2047075915 {\n  padding-top: 30px;\n}\n<\/style>\n\t<\/div>\n\t\n\n<div class=\"row\"  id=\"row-677454894\">\n\n\n\t<div id=\"col-1959936693\" class=\"col medium-4 small-12 large-3\"  >\n\t\t\t\t<div class=\"col-inner\"  >\n\t\t\t\n\t\t\t\n\n\t<div id=\"text-1517726046\" class=\"text\">\n\t\t\n\n<h2>Politika privatnosti<\/h2>\n\t\t\n<style>\n#text-1517726046 {\n  font-size: 1.1rem;\n}\n<\/style>\n\t<\/div>\n\t\n\n\t\t<\/div>\n\t\t\t\t\t<\/div>\n\n\t\n\n\t<div id=\"col-1815333666\" class=\"col medium-8 small-12 large-9\"  >\n\t\t\t\t<div class=\"col-inner\"  >\n\t\t\t\n\t\t\t\n\n<p><em><strong>1. UVOD<\/strong><\/em><br \/>Ova Politika privatnosti obja\u0161njava kako Nikkias (u daljem tekstu \u201emi\u201c, \u201ena\u0161 veb-sajt\u201c) prikuplja, koristi, obra\u0111uje i \u0161titi va\u0161e li\u010dne podatke u skladu sa Zakonom o za\u0161titi li\u010dnih podataka Crne Gore i Op\u0161tom uredbom EU o za\u0161titi podataka (GDPR).<\/p>\n<p class=\" translation-block\">Kori\u0161\u0107enjem na\u0161eg sajta <a href=\"https:\/\/nikkias.com\/\" target=\"_self\">nikkias.com<\/a> \/ <a href=\"https:\/\/nikkias.me\/\" target=\"_self\">nikkias.me<\/a>, saglasni ste sa ovom Politikom privatnosti.<\/p>\n<p><strong><em>2. KOJE PODATKE PRIKUPLJAMO<\/em><\/strong><br \/>Da bismo obradili va\u0161u porud\u017ebinu i pru\u017eili vam uslugu, prikupljamo slede\u0107e podatke:<br \/>\u2022 ime i prezime<br \/>\u2022 adresu isporuke<br \/>\u2022 e-mail adresu<br \/>\u2022 broj telefona<\/p>\n<p>Pored toga, automatski prikupljamo tehni\u010dke podatke putem kola\u010di\u0107a, kao \u0161to su: IP adresa, tip ure\u0111aja i stranice koje pose\u0107ujete na na\u0161oj veb stranici.<\/p>\n<p><em><strong>3. SVRHA I PRAVNI OSNOV OBRADE<\/strong><\/em><br \/>Va\u0161e podatke obra\u0111ujemo isklju\u010divo u slede\u0107e svrhe:<br \/>\u2022 realizacija kupovine i dostava naru\u010denih proizvoda (pravni osnov: izvr\u0161enje ugovora)<br \/>\u2022 komunikacija sa korisnicima (pravni osnov: legitimni interes i saglasnost)<br \/>\u2022 zakonske obaveze u vezi sa ra\u010dunovodstvom i poreskim propisima (pravni osnov: zakonska obaveza)<br \/>\u2022 unapre\u0111enje korisni\u010dkog iskustva i ponude (pravni osnov: legitimni interes)<\/p>\n<p><em><strong>4. KOME PODACI MOGU BITI DOSTUPNI<\/strong><\/em><br \/>Va\u0161i podaci ne\u0107e biti prodavani niti ustupani tre\u0107im licima. Podaci se mogu deliti samo sa:<br \/>\u2022 kurirskim slu\u017ebama za potrebe dostave<br \/>\u2022 bankama i procesorima pla\u0107anja za naplatu<br \/>\u2022 ra\u010dunovodstvenim i pravnim slu\u017ebama kada to nala\u017ee zakon<\/p>\n<p>Svi na\u0161i partneri imaju obavezu da postupaju u skladu sa zakonom o za\u0161titi podataka.<\/p>\n<p><em><strong>5. PERIOD \u010cUVANJA PODATAKA<\/strong><\/em><br \/>\u2022 Podaci o kupovini \u010duvaju se onoliko koliko to nala\u017ee zakon (ra\u010dunovodstveni i poreski propisi).<br \/>\u2022 Podaci prikupljeni na osnovu saglasnosti (npr. newsletter) \u010duvaju se do povla\u010denja saglasnosti.<\/p>\n<p><em><strong>6. VA\u0160A PRAVA<\/strong><\/em><br \/>Kao korisnik imate pravo da:<br \/>\u2022 zatra\u017eite informaciju o tome koje podatke \u010duvamo o Vama<br \/>\u2022 tra\u017eite ispravku neta\u010dnih podataka<br \/>\u2022 zahtevate brisanje podataka (\u201epravo na zaborav\u201c), osim kada postoji zakonska obaveza \u010duvanja<br \/>\u2022 ograni\u010dite obradu podataka<br \/>\u2022 prigovorite na obradu podataka<br \/>\u2022 povu\u010dete saglasnost u bilo kom trenutku<br \/>\u2022 podnesete pritu\u017ebu Agenciji za za\u0161titu li\u010dnih podataka Crne Gore<\/p>\n<p class=\" translation-block\">Zahteve mo\u017eete poslati na e-mail: <strong>popkapiten@gmail.com<\/strong><\/p>\n<p><em><strong>7. KOLA\u010cI\u0106I (COOKIES)<\/strong><\/em><br \/>Na\u0161a web stranica koristi kola\u010dic\u0301e kako bi osigurala funkcionalnost i pobolj\u0161ala korisni\u010dko iskustvo. Kola\u010dic\u0301i ne mogu pokretati programe niti prenositi viruse na va\u0161 ure\u0111aj.<\/p>\n<p>Korisnik mo\u017ee sam da pode\u0161ava opcije u svom internet pregleda\u010du i onemogu\u0107i kola\u010di\u0107e, ali to mo\u017ee uticati na funkcionalnost sajta.<\/p>\n<p><em><strong>8. BEZBEDNOST PODATAKA<\/strong><\/em><br \/>Preduzimamo sve tehni\u010dke i organizacione mere kako bismo za\u0161titili va\u0161e podatke od gubitka, zloupotrebe i neovla\u0161c\u0301enog pristupa. Samo ovla\u0161c\u0301eni zaposleni i partneri koji su obavezani ugovorima o poverljivosti imaju pristup li\u010dnim podacima.<\/p>\n<p><em><strong>9. SAGLASNOST I PROMENE POLITIKE<\/strong><\/em><br \/>Kori\u0161\u0107enjem sajta potvr\u0111ujete da ste pro\u010ditali i razumeli ovu Politiku privatnosti i da se sa njom sla\u017eete.<\/p>\n<p>Zadr\u017eavamo pravo da povremeno izmenimo Politiku privatnosti. Sve promene bi\u0107e objavljene na ovoj stranici, a registrovani korisnici bi\u0107e obave\u0161teni putem e-maila.<\/p>\n<p>\ud83d\udccc Ovaj tekst je u potpunosti usagla\u0161en sa crnogorskim Zakonom i GDPR standardima.<\/p>\n\n\t\t<\/div>\n\t\t\t\t\t<\/div>\n\n\t\n\n<\/div>\n\n\t\t<\/div>\n\n\t\t\n<style>\n#section_606520797 {\n  padding-top: 30px;\n  padding-bottom: 30px;\n}\n<\/style>\n\t<\/section>","protected":false},"excerpt":{"rendered":"","protected":false},"author":1,"featured_media":0,"parent":0,"menu_order":0,"comment_status":"closed","ping_status":"closed","template":"","meta":{"footnotes":""},"class_list":["post-167","page","type-page","status-publish","hentry"],"_links":{"self":[{"href":"https:\/\/nikkias.com\/sr\/wp-json\/wp\/v2\/pages\/167","targetHints":{"allow":["GET"]}}],"collection":[{"href":"https:\/\/nikkias.com\/sr\/wp-json\/wp\/v2\/pages"}],"about":[{"href":"https:\/\/nikkias.com\/sr\/wp-json\/wp\/v2\/types\/page"}],"author":[{"embeddable":true,"href":"https:\/\/nikkias.com\/sr\/wp-json\/wp\/v2\/users\/1"}],"replies":[{"embeddable":true,"href":"https:\/\/nikkias.com\/sr\/wp-json\/wp\/v2\/comments?post=167"}],"version-history":[{"count":13,"href":"https:\/\/nikkias.com\/sr\/wp-json\/wp\/v2\/pages\/167\/revisions"}],"predecessor-version":[{"id":1313,"href":"https:\/\/nikkias.com\/sr\/wp-json\/wp\/v2\/pages\/167\/revisions\/1313"}],"wp:attachment":[{"href":"https:\/\/nikkias.com\/sr\/wp-json\/wp\/v2\/media?parent=167"}],"curies":[{"name":"wp","href":"https:\/\/api.w.org\/{rel}","templated":true}]}}