{"id":170,"date":"2025-01-23T10:56:50","date_gmt":"2025-01-23T10:56:50","guid":{"rendered":"https:\/\/nikkias.com\/?page_id=170"},"modified":"2025-08-24T12:45:56","modified_gmt":"2025-08-24T12:45:56","slug":"terms-of-service","status":"publish","type":"page","link":"https:\/\/nikkias.com\/sr\/terms-of-service","title":{"rendered":"Uslovi kori\u0161\u0107enja"},"content":{"rendered":"<section class=\"section\" id=\"section_2090875972\">\n\t\t<div class=\"section-bg fill\" >\n\t\t\t\t\t\t\t\t\t\n\t\t\t\n\n\t\t<\/div>\n\n\t\t\n\n\t\t<div class=\"section-content relative\">\n\t\t\t\n\n\t<div id=\"gap-444003000\" class=\"gap-element clearfix\" style=\"display:block; height:auto;\">\n\t\t\n<style>\n#gap-444003000 {\n  padding-top: 30px;\n}\n<\/style>\n\t<\/div>\n\t\n\n<div class=\"row\"  id=\"row-1930149963\">\n\n\n\t<div id=\"col-771982829\" class=\"col medium-4 small-12 large-3\"  >\n\t\t\t\t<div class=\"col-inner\"  >\n\t\t\t\n\t\t\t\n\n\t<div id=\"text-1150140305\" class=\"text kagins\">\n\t\t\n\n<h2>Uslovi kori\u0161\u0107enja<\/h2>\n\t\t\n<style>\n#text-1150140305 {\n  font-size: 1.1rem;\n}\n<\/style>\n\t<\/div>\n\t\n\n\t\t<\/div>\n\t\t\t\t\t<\/div>\n\n\t\n\n\t<div id=\"col-2030812423\" class=\"col medium-8 small-12 large-9\"  >\n\t\t\t\t<div class=\"col-inner\"  >\n\t\t\t\n\t\t\t\n\n<p><em><strong>1. OP\u0160TE ODREDBE<\/strong><\/em><br \/>Privredno dru\u0161tvo Nikkias DOO, sa sedi\u0161tem na adresi Barskih logora\u0161a 5C, Bar, Crna Gora, omogu\u0107ava kori\u0161\u0107enje usluga i sadr\u017eaja svog sajta www.nikkias.com u skladu sa ovim Uslovima kori\u0161\u0107enja.<\/p>\n<p>Kori\u0161\u0107enjem bilo kog dela sajta smatra se da su korisnici upoznati sa ovim uslovima, da ih u potpunosti razumeju i prihvataju, kao i da sadr\u017eaj koriste isklju\u010divo za li\u010dne potrebe i na sopstvenu odgovornost.<\/p>\n<p>Ukoliko se sa ovim uslovima ne sla\u017eete, molimo Vas da ne koristite na\u0161 sajt.<\/p>\n<p><em><strong>2. PODACI O FIRMI<\/strong><\/em><br \/>\u2022 Naziv: Nikkias DOO<br \/>\u2022 Adresa: Barskih logora\u0161a 5C, Bar, Montenegro<br \/>\u2022 Telefon: +382 69 440 446<br \/>\u2022 E-mail: info@nikkias.shop<br \/>\u2022 Web: www.nikkias.com<br \/>\u2022 PIB: 03636038<\/p>\n<p><em><strong>3. PRAVNA OSNOVA<\/strong><\/em><br \/>Na\u0161a online prodaja je u skladu sa:<br \/>\u2022 Zakonom o za\u0161titi potro\u0161a\u010da Crne Gore<br \/>\u2022 Zakonom o elektronskoj trgovini<br \/>\u2022 Kodeksom pona\u0161anja u prodaji roba i pru\u017eanju usluga na internet tr\u017ei\u0161tu<br \/>\u2022 Uredbom o upotrebi fiskalnih ure\u0111aja<\/p>\n<p><em><strong>4. INFORMACIJE O PROIZVODIMA I CENAMA<\/strong><\/em><br \/>\u2022 Osnovne karakteristike proizvoda nalaze se na sajtu www.nikkias.com.<br \/>\u2022 Sva roba ima svojstva potrebna za redovnu upotrebu u skladu sa Deklaracijom proizvo\u0111a\u010da.<br \/>\u2022 Cene su izra\u017eene u evrima (\u20ac) i nazna\u010dene uz svaki artikal.<br \/>\u2022 Cene su podlo\u017ene promenama do trenutka potvrde porud\u017ebine.<br \/>\u2022 Dostava je besplatna za porud\u017ebine iznad 30\u20ac. Za narud\u017ebine ispod tog iznosa cena po\u0161tarine iznosi 3\u20ac.<\/p>\n<p class=\" translation-block\"><em><strong>5. PORU\u010cIVANJE I ISPORUKA<\/strong><\/em><br>\u2022 Poru\u010divanje se vr\u0161i putem sajta www.nikkias.com.<br>\u2022\tIsporuku vr\u0161e kuriri Po\u0161te Crne Gore u roku do 7 dana, osim u vanrednim okolnostima o \u010demu \u0107e kupac biti obave\u0161ten.<br>\u2022 Pla\u0107anje je mogu\u0107e:<br>\u2022\tbankovnim karticama (kreditne\/debitne), putem Monri WSPay sistema.<\/p>\n<p>Klikom na dugme POTVRDI prilikom porud\u017ebine, kupac preuzima obavezu pla\u0107anja naru\u010dene robe.<\/p>\n<p class=\" translation-block\"><em><strong>6. PRAVO NA ODUSTANAK<\/strong><\/em><br>Kupac ima pravo da odustane od kupovine u roku od 14 dana od dana prijema robe, bez navo\u0111enja razloga.<br>\u2022\tKupac je du\u017ean da u tom roku obavesti trgovca putem e-maila info@nikkias.shop ili na adresu sedi\u0161ta firme.<br>\u2022 Kupac snosi direktne tro\u0161kove vra\u0107anja robe, osim ako je razlog reklamacija.<br>\u2022 Roba mora biti vra\u0107ena nekori\u0161\u0107ena, u originalnom pakovanju i sa prate\u0107om dokumentacijom.<br>\u2022\tTrgovac je du\u017ean da izvr\u0161i povra\u0107aj upla\u0107enog iznosa najkasnije u roku od 14 dana od dana prijema robe.<\/p>\n<p><em><strong>7. REKLAMACIJE I SAOBRAZNOST<\/strong><\/em><br \/>Ukoliko kupljeni proizvod ima nedostatak ili nije u skladu sa ugovorom, kupac ima pravo na reklamaciju.<\/p>\n<p>Postupak:<br \/>\u2022 Reklamacija se podnosi putem e-maila info@nikkias.shop ili na adresu sedi\u0161ta firme.<br \/>\u2022 Trgovac je du\u017ean da odgovori na reklamaciju u roku od 8 dana od prijema reklamacije i da re\u0161i zahtev u roku od 30 dana.<br \/>\u2022 Kupac ima pravo na besplatnu popravku, zamenu proizvoda ili povra\u0107aj novca u skladu sa zakonom.<\/p>\n<p><em><strong>8. AUTORSKA PRAVA<\/strong><\/em><br \/>Svi sadr\u017eaji sajta (tekstovi, slike, grafika, logo, programerski kod, baze podataka) vlasni\u0161tvo su Nikkias DOO ili partnera i za\u0161ti\u0107eni su Zakonom o autorskom i srodnim pravima.<br \/>Neovla\u0161\u0107eno kori\u0161\u0107enje, kopiranje ili distribucija sadr\u017eaja zabranjeni su i podlo\u017eni pravnoj odgovornosti.<\/p>\n<p><em><strong>9. MATERIJALI KORISNIKA<\/strong><\/em><br \/>Korisnici mogu ostavljati komentare i sadr\u017eaje na sajtu isklju\u010divo u skladu sa zakonom. Zabranjeno je postavljanje uvredljivih, nezakonitih, klevetni\u010dkih ili opscenih sadr\u017eaja.<\/p>\n<p>Materijali koje korisnici dobrovoljno objave (npr. komentari) mogu biti kori\u0161\u0107eni od strane Nikkias DOO u marketin\u0161ke svrhe, ali bez zadiranja u autorska i li\u010dna prava korisnika.<\/p>\n<p><em><strong>10. ODGOVORNOST I OGRANI\u010cENJA<\/strong><\/em><br \/>\u2022 Nikkias DOO ne garantuje da \u0107e sajt uvek raditi bez prekida i gre\u0161aka, i ne snosi odgovornost za eventualne tehni\u010dke probleme nastale kod korisnika.<br \/>\u2022 Pristup sajtu izvan Crne Gore vr\u0161i se na sopstvenu odgovornost i korisnici su du\u017eni da po\u0161tuju lokalne zakone.<\/p>\n<p><em><strong>11. ZA\u0160TITA PODATAKA O LI\u010cNOSTI<\/strong><\/em><br \/>Za\u0161tita li\u010dnih podataka ure\u0111ena je posebnom Politikom privatnosti, dostupnom na sajtu.<\/p>\n<p><em><strong>12. PROMENE USLOVA<\/strong><\/em><br \/>Nikkias DOO zadr\u017eava pravo izmene ovih Uslova. Sve promene bi\u0107e objavljene na ovoj stranici i stupaju na snagu danom objavljivanja. Registrovani korisnici \u0107e o promenama biti obave\u0161teni putem e-maila.<\/p>\n<p><em><strong>13. NADLE\u017dNOST<\/strong><\/em><br \/>Ovi Uslovi tuma\u010de se u skladu sa zakonima Crne Gore. U slu\u010daju spora nadle\u017ean je sud u Baru.<\/p>\n\n\t\t<\/div>\n\t\t\t\t\t<\/div>\n\n\t\n\n<\/div>\n\n\t\t<\/div>\n\n\t\t\n<style>\n#section_2090875972 {\n  padding-top: 30px;\n  padding-bottom: 30px;\n}\n<\/style>\n\t<\/section>","protected":false},"excerpt":{"rendered":"","protected":false},"author":1,"featured_media":0,"parent":0,"menu_order":0,"comment_status":"closed","ping_status":"closed","template":"","meta":{"footnotes":""},"class_list":["post-170","page","type-page","status-publish","hentry"],"_links":{"self":[{"href":"https:\/\/nikkias.com\/sr\/wp-json\/wp\/v2\/pages\/170","targetHints":{"allow":["GET"]}}],"collection":[{"href":"https:\/\/nikkias.com\/sr\/wp-json\/wp\/v2\/pages"}],"about":[{"href":"https:\/\/nikkias.com\/sr\/wp-json\/wp\/v2\/types\/page"}],"author":[{"embeddable":true,"href":"https:\/\/nikkias.com\/sr\/wp-json\/wp\/v2\/users\/1"}],"replies":[{"embeddable":true,"href":"https:\/\/nikkias.com\/sr\/wp-json\/wp\/v2\/comments?post=170"}],"version-history":[{"count":15,"href":"https:\/\/nikkias.com\/sr\/wp-json\/wp\/v2\/pages\/170\/revisions"}],"predecessor-version":[{"id":1317,"href":"https:\/\/nikkias.com\/sr\/wp-json\/wp\/v2\/pages\/170\/revisions\/1317"}],"wp:attachment":[{"href":"https:\/\/nikkias.com\/sr\/wp-json\/wp\/v2\/media?parent=170"}],"curies":[{"name":"wp","href":"https:\/\/api.w.org\/{rel}","templated":true}]}}