{"id":171,"date":"2025-01-23T10:59:36","date_gmt":"2025-01-23T10:59:36","guid":{"rendered":"https:\/\/nikkias.com\/?page_id=171"},"modified":"2025-06-13T06:29:22","modified_gmt":"2025-06-13T06:29:22","slug":"refund-policy","status":"publish","type":"page","link":"https:\/\/nikkias.com\/sr\/refund-policy","title":{"rendered":"Refund Policy"},"content":{"rendered":"<section class=\"section\" id=\"section_170866504\">\n\t\t<div class=\"section-bg fill\" >\n\t\t\t\t\t\t\t\t\t\n\t\t\t\n\n\t\t<\/div>\n\n\t\t\n\n\t\t<div class=\"section-content relative\">\n\t\t\t\n\n\t<div id=\"gap-1439034592\" class=\"gap-element clearfix\" style=\"display:block; height:auto;\">\n\t\t\n<style>\n#gap-1439034592 {\n  padding-top: 30px;\n}\n<\/style>\n\t<\/div>\n\t\n\n<div class=\"row\"  id=\"row-2091216201\">\n\n\n\t<div id=\"col-174288752\" class=\"col medium-4 small-12 large-3\"  >\n\t\t\t\t<div class=\"col-inner\"  >\n\t\t\t\n\t\t\t\n\n\t<div id=\"text-1605542851\" class=\"text\">\n\t\t\n\n<h2>Politika zamene artikla<\/h2>\n\t\t\n<style>\n#text-1605542851 {\n  font-size: 1.1rem;\n}\n<\/style>\n\t<\/div>\n\t\n\n\t\t<\/div>\n\t\t\t\t\t<\/div>\n\n\t\n\n\t<div id=\"col-1005451574\" class=\"col medium-8 small-12 large-9\"  >\n\t\t\t\t<div class=\"col-inner\"  >\n\t\t\t\n\t\t\t\n\n<p><em><strong>POSTUPAK ZAMENE ARTIKALA<\/strong><\/em><br \/>Ukoliko ste, nakon prijema artikla, utvrdili da \u017eelite da ga zamenite za drugi artikal iste ili vi\u0161e cenovne kategorije, kontaktirajte nas pozivom na broj telefona +38269440446 ili nam po\u0161aljite imejl na adresu info@nikkias.shop. Potrebno je da u tom trenutku imate kod sebe broj ra\u010duna\/otpremnice i da nam saop\u0161tite \u0161ifru artikla koja bi vam odgovarala.<br \/>Nakon toga se vr\u0161i fizi\u010dka provera da li je \u017eeljena veli\u010dina, odnosno \u017eeljeni artikal, dostupan, nakon \u010dega \u0107ete dobiti uputstva i obja\u0161njenja postupka zamene veli\u010dine za odgovaraju\u0107u, odnosno zamene artikla za drugi.<br \/>Prilikom vra\u0107anja robe, obavezno je vratiti robu u ispravnom i nekori\u0161\u0107enom stanju.<br \/>Po prijemu proizvoda, utvrdi\u0107e se da li je proizvod ispravan i neo\u0161te\u0107en. Ukoliko se utvrdi da je proizvod neispravan ili o\u0161te\u0107en krivicom kupca, zamena \u0107e biti odbijena i proizvod \u0107e biti vra\u0107en kupcu o njegovom tro\u0161ku.<br \/>Ne mo\u017eete samostalno menjati naru\u010deni artikal u Nikkia`s skladi\u0161tu ili kod Nikkia`s distributera bez prethodnog kontakta i dogovora sa operaterima u Onlajn prodavnici, koja je navedena gore.<br \/>Naru\u010deni artikal se ne mo\u017ee menjati ako je no\u0161en.<\/p>\n<p><strong>IZJAVA O KONVERZIJI VALUTA<br \/><\/strong>Sva pla\u0107anja bi\u0107e izvr\u0161ena u valuti evra (EUR). Ukoliko se koristi platna kartica \u010dija valuta nije evro, iznos transakcije \u0107e biti konvertovan u lokalnu valutu vlasnika kartice po kursu karti\u010darske ku\u0107e. Kao rezultat ove konverzije mo\u017ee do\u0107i do minimalnih odstupanja u iznosu naplate u odnosu na originalnu cenu prikazanu na sajtu.<\/p>\n<p><em><strong>POVRA\u0106AJ SREDSTAVA (REFUNDACIJA)<br \/><\/strong><\/em>Povrat sredstava je mogu\u0107 isklju\u010divo na platnu karticu koja je kori\u0161\u0107ena prilikom kupovine. Ne postoji mogu\u0107nost isplate gotovine ili prenosa na drugu karticu ili ra\u010dun.<br \/>U slu\u010daju odobrenog povrata, iznos \u0107e biti vra\u0107en u roku od 7 radnih dana od datuma odobrenja reklamacije ili otkazivanja porud\u017ebine.<\/p>\n<p class=\" translation-block\"><em><strong>ROK ZA ZAMENU<\/strong><\/em><br>\nKupac mo\u017ee pokrenuti postupak zamene artikla najkasnije 15 dana od prijema proizvoda. Nakon toga, rok za zamenu artikla je 15 dana od trenutka kada kupac podnese zahtev, a nakon prijema proizvoda.<\/p>\n<p class=\" translation-block\"><em><strong>TRO\u0160KOVI DOSTAVE<\/strong><\/em><br>\nTro\u0161ak zamene robe u iznosu od 6 eura snosi kupac, osim u slu\u010dajevima kada kupac primi neispravan ili pogre\u0161an artikal.<\/p>\n<p class=\" translation-block\"><em><strong>NAPOMENA:<\/strong><\/em>:<br>\nPotvrdom narud\u017ebe, klikom na dugme POTVRDI, pristajete na uslove zamene veli\u010dine artikla i zamene artikla drugim.<\/p>\n\n\t\t<\/div>\n\t\t\t\t\t<\/div>\n\n\t\n\n<\/div>\n\n\t\t<\/div>\n\n\t\t\n<style>\n#section_170866504 {\n  padding-top: 30px;\n  padding-bottom: 30px;\n}\n<\/style>\n\t<\/section>","protected":false},"excerpt":{"rendered":"","protected":false},"author":1,"featured_media":0,"parent":0,"menu_order":0,"comment_status":"closed","ping_status":"closed","template":"","meta":{"footnotes":""},"class_list":["post-171","page","type-page","status-publish","hentry"],"_links":{"self":[{"href":"https:\/\/nikkias.com\/sr\/wp-json\/wp\/v2\/pages\/171","targetHints":{"allow":["GET"]}}],"collection":[{"href":"https:\/\/nikkias.com\/sr\/wp-json\/wp\/v2\/pages"}],"about":[{"href":"https:\/\/nikkias.com\/sr\/wp-json\/wp\/v2\/types\/page"}],"author":[{"embeddable":true,"href":"https:\/\/nikkias.com\/sr\/wp-json\/wp\/v2\/users\/1"}],"replies":[{"embeddable":true,"href":"https:\/\/nikkias.com\/sr\/wp-json\/wp\/v2\/comments?post=171"}],"version-history":[{"count":11,"href":"https:\/\/nikkias.com\/sr\/wp-json\/wp\/v2\/pages\/171\/revisions"}],"predecessor-version":[{"id":942,"href":"https:\/\/nikkias.com\/sr\/wp-json\/wp\/v2\/pages\/171\/revisions\/942"}],"wp:attachment":[{"href":"https:\/\/nikkias.com\/sr\/wp-json\/wp\/v2\/media?parent=171"}],"curies":[{"name":"wp","href":"https:\/\/api.w.org\/{rel}","templated":true}]}}