{"id":172,"date":"2025-01-23T11:00:30","date_gmt":"2025-01-23T11:00:30","guid":{"rendered":"https:\/\/nikkias.com\/?page_id=172"},"modified":"2025-06-12T11:54:55","modified_gmt":"2025-06-12T11:54:55","slug":"shipping-policy","status":"publish","type":"page","link":"https:\/\/nikkias.com\/sr\/shipping-policy","title":{"rendered":"Shipping Policy"},"content":{"rendered":"<section class=\"section\" id=\"section_1994287884\">\n\t\t<div class=\"section-bg fill\" >\n\t\t\t\t\t\t\t\t\t\n\t\t\t\n\n\t\t<\/div>\n\n\t\t\n\n\t\t<div class=\"section-content relative\">\n\t\t\t\n\n\t<div id=\"gap-578049277\" class=\"gap-element clearfix\" style=\"display:block; height:auto;\">\n\t\t\n<style>\n#gap-578049277 {\n  padding-top: 30px;\n}\n<\/style>\n\t<\/div>\n\t\n\n<div class=\"row\"  id=\"row-1535469367\">\n\n\n\t<div id=\"col-1334957792\" class=\"col medium-4 small-12 large-3\"  >\n\t\t\t\t<div class=\"col-inner\"  >\n\t\t\t\n\t\t\t\n\n\t<div id=\"text-1355654007\" class=\"text\">\n\t\t\n\n<h2>Politika sigurnosti podataka<\/h2>\n\t\t\n<style>\n#text-1355654007 {\n  font-size: 1.1rem;\n}\n<\/style>\n\t<\/div>\n\t\n\n\t\t<\/div>\n\t\t\t\t\t<\/div>\n\n\t\n\n\t<div id=\"col-877165125\" class=\"col medium-8 small-12 large-9\"  >\n\t\t\t\t<div class=\"col-inner\"  >\n\t\t\t\n\t\t\t\n\n<p>Preduze\u0107e Nikkia`s DOO, kao prodavac proizvoda i usluga na Web sajtu ula\u017ee maksimalne napore da za\u0161titi Va\u0161u privatnosti kad ste \"online\" kao korisnik. Va\u0161e li\u010dne informacije se \u010duvaju na siguran i poverljiv na\u010din, i obra\u0111uju na zakonit na\u010din u skladu sa ovom politikom privatnosti. Preduzimamo odgovaraju\u0107e tehni\u010dke i organizacione mere radi za\u0161tite od naovla\u0161\u0107enog i nezakonitog pristupa i obrade va\u0161ih li\u010dnih podataka, uklju\u010duju\u0107i i enkripciju va\u0161ih informacija. Mi \u0107emo Va\u0161e informacije zadr\u017eati onoliko dugo koliko je potrebno da obradimo Va\u0161 nalog, Va\u0161e pla\u0107anje, odradimo refundaciju sredstava, odgovorimo na \u017ealbu ili Vam pru\u017eimo promotivne informacije na koje ste se prijavili.<\/p>\n<p>Prilikom uno\u0161enja podataka o platnoj kartici, poverljive informacije se prenose putem javne mre\u017ee u za\u0161ti\u0107enoj (kriptovanoj) formi upotrebom SSL protokola, primenom najsavremenijih metoda tokenizacije osetljivih podataka, i u skladu sa PCI-DSS standardima. Niti jednog trenutka podaci o platnoj kartici nisu dostupni trgovcu.<\/p>\n<p>3D Secure za\u0161tita za sve trgovce i kupce \u2013 Montry WSPay koristi najvi\u0161e svetske standarde za\u0161tite podataka i privatnosti. Svi trgovci koji koriste Montry WSPay su automatski uklju\u010deni u 3D-Secure za\u0161titu, koja garantuje bezbednost kupovine kupcima. Brojevi platnih kartica kupca se ne \u010duvaju na sistemu trgovca, a sam unos je za\u0161ti\u0107en SSL enkripcijom podataka.<\/p>\n<p>PCI DSS standardi \u2013 Montry WSPay stalno ispunjava sve zahteve organizacija kartica kako bi pove\u0107ao nivo bezbednosti za trgovce i kupce. Od 2005. godine, bez prekida, sistem je sertifikovan kao PCI-DSS nivoa 1, \u0161to je najvi\u0161i standard u industriji. PCI standard bezbednosti podataka (PCI-DSS) je standard koji defini\u0161e neophodne mere bezbednosti za obradu, skladi\u0161tenje i prenos osetljivih podataka o karticama. PCI standardi \u0161tite osetljive podatke vlasnika kartica tokom celog procesa pla\u0107anja: od trenutka unosa podataka na prodajnom mestu trgovca, tokom komunikacije izme\u0111u trgovca i relevantnih banaka i organizacija kartica, kao i naknadnog skladi\u0161tenja ovih podataka.<\/p>\n\n\t\t<\/div>\n\t\t\t\t\t<\/div>\n\n\t\n\n<\/div>\n\n\t\t<\/div>\n\n\t\t\n<style>\n#section_1994287884 {\n  padding-top: 30px;\n  padding-bottom: 30px;\n}\n<\/style>\n\t<\/section>","protected":false},"excerpt":{"rendered":"","protected":false},"author":1,"featured_media":0,"parent":0,"menu_order":0,"comment_status":"closed","ping_status":"closed","template":"","meta":{"footnotes":""},"class_list":["post-172","page","type-page","status-publish","hentry"],"_links":{"self":[{"href":"https:\/\/nikkias.com\/sr\/wp-json\/wp\/v2\/pages\/172","targetHints":{"allow":["GET"]}}],"collection":[{"href":"https:\/\/nikkias.com\/sr\/wp-json\/wp\/v2\/pages"}],"about":[{"href":"https:\/\/nikkias.com\/sr\/wp-json\/wp\/v2\/types\/page"}],"author":[{"embeddable":true,"href":"https:\/\/nikkias.com\/sr\/wp-json\/wp\/v2\/users\/1"}],"replies":[{"embeddable":true,"href":"https:\/\/nikkias.com\/sr\/wp-json\/wp\/v2\/comments?post=172"}],"version-history":[{"count":5,"href":"https:\/\/nikkias.com\/sr\/wp-json\/wp\/v2\/pages\/172\/revisions"}],"predecessor-version":[{"id":928,"href":"https:\/\/nikkias.com\/sr\/wp-json\/wp\/v2\/pages\/172\/revisions\/928"}],"wp:attachment":[{"href":"https:\/\/nikkias.com\/sr\/wp-json\/wp\/v2\/media?parent=172"}],"curies":[{"name":"wp","href":"https:\/\/api.w.org\/{rel}","templated":true}]}}