{"id":343,"date":"2025-05-08T17:50:58","date_gmt":"2025-05-08T17:50:58","guid":{"rendered":"https:\/\/nikkias.com\/?post_type=product&#038;p=343"},"modified":"2026-04-18T18:41:15","modified_gmt":"2026-04-18T18:41:15","slug":"dark-olive","status":"publish","type":"product","link":"https:\/\/nikkias.com\/sr\/\u043f\u0440\u043e\u0438\u0437\u0432\u043e\u0434\/dark-olive","title":{"rendered":"Dark Olive"},"content":{"rendered":"","protected":false},"excerpt":{"rendered":"<p class=\" translation-block\"><strong>Opis:<\/strong> Suptilna tamnozelena nijansa koja podse\u0107a na zrelu maslinu. Dark Olive je smiren, stabilan i sofisticiran - model koji se ne name\u0107e, ali ostavlja utisak. Dizajniran za one koji cene dubinu i ravnote\u017eu.<br>\n<strong>Boje:<\/strong> Tamno braon (gotovo crno) + siva stakla.<\/p>","protected":false},"featured_media":660,"template":"","meta":[],"product_brand":[],"product_cat":[48],"product_tag":[19],"class_list":{"0":"post-343","1":"product","2":"type-product","3":"status-publish","4":"has-post-thumbnail","6":"product_cat-summer-2025","7":"product_tag-summer","9":"first","10":"instock","11":"taxable","12":"shipping-taxable","13":"purchasable","14":"product-type-simple"},"_links":{"self":[{"href":"https:\/\/nikkias.com\/sr\/wp-json\/wp\/v2\/product\/343","targetHints":{"allow":["GET"]}}],"collection":[{"href":"https:\/\/nikkias.com\/sr\/wp-json\/wp\/v2\/product"}],"about":[{"href":"https:\/\/nikkias.com\/sr\/wp-json\/wp\/v2\/types\/product"}],"wp:featuredmedia":[{"embeddable":true,"href":"https:\/\/nikkias.com\/sr\/wp-json\/wp\/v2\/media\/660"}],"wp:attachment":[{"href":"https:\/\/nikkias.com\/sr\/wp-json\/wp\/v2\/media?parent=343"}],"wp:term":[{"taxonomy":"product_brand","embeddable":true,"href":"https:\/\/nikkias.com\/sr\/wp-json\/wp\/v2\/product_brand?post=343"},{"taxonomy":"product_cat","embeddable":true,"href":"https:\/\/nikkias.com\/sr\/wp-json\/wp\/v2\/product_cat?post=343"},{"taxonomy":"product_tag","embeddable":true,"href":"https:\/\/nikkias.com\/sr\/wp-json\/wp\/v2\/product_tag?post=343"}],"curies":[{"name":"wp","href":"https:\/\/api.w.org\/{rel}","templated":true}]}}