{"id":383,"date":"2025-05-15T11:18:34","date_gmt":"2025-05-15T11:18:34","guid":{"rendered":"https:\/\/nikkias.com\/?post_type=product&#038;p=383"},"modified":"2026-04-18T18:39:19","modified_gmt":"2026-04-18T18:39:19","slug":"blueberry","status":"publish","type":"product","link":"https:\/\/nikkias.com\/sr\/\u043f\u0440\u043e\u0438\u0437\u0432\u043e\u0434\/blueberry","title":{"rendered":"Blueberry"},"content":{"rendered":"","protected":false},"excerpt":{"rendered":"<p class=\" translation-block\"><strong>Opis:<\/strong> Za one koji biraju autenti\u010dnost. Blueberry donosi sve\u017einu i smirenost u urbanom okru\u017eenju.<br>\n<strong>Boje:<\/strong> Crno-plavi okvir sa detaljem u boji meda + siva stakla.<\/p>","protected":false},"featured_media":651,"template":"","meta":[],"product_brand":[],"product_cat":[49],"product_tag":[],"class_list":{"0":"post-383","1":"product","2":"type-product","3":"status-publish","4":"has-post-thumbnail","6":"product_cat-tinted-life","8":"first","9":"instock","10":"taxable","11":"shipping-taxable","12":"purchasable","13":"product-type-simple"},"_links":{"self":[{"href":"https:\/\/nikkias.com\/sr\/wp-json\/wp\/v2\/product\/383","targetHints":{"allow":["GET"]}}],"collection":[{"href":"https:\/\/nikkias.com\/sr\/wp-json\/wp\/v2\/product"}],"about":[{"href":"https:\/\/nikkias.com\/sr\/wp-json\/wp\/v2\/types\/product"}],"wp:featuredmedia":[{"embeddable":true,"href":"https:\/\/nikkias.com\/sr\/wp-json\/wp\/v2\/media\/651"}],"wp:attachment":[{"href":"https:\/\/nikkias.com\/sr\/wp-json\/wp\/v2\/media?parent=383"}],"wp:term":[{"taxonomy":"product_brand","embeddable":true,"href":"https:\/\/nikkias.com\/sr\/wp-json\/wp\/v2\/product_brand?post=383"},{"taxonomy":"product_cat","embeddable":true,"href":"https:\/\/nikkias.com\/sr\/wp-json\/wp\/v2\/product_cat?post=383"},{"taxonomy":"product_tag","embeddable":true,"href":"https:\/\/nikkias.com\/sr\/wp-json\/wp\/v2\/product_tag?post=383"}],"curies":[{"name":"wp","href":"https:\/\/api.w.org\/{rel}","templated":true}]}}