{"id":392,"date":"2025-05-15T11:21:19","date_gmt":"2025-05-15T11:21:19","guid":{"rendered":"https:\/\/nikkias.com\/?post_type=product&#038;p=392"},"modified":"2026-04-20T18:15:24","modified_gmt":"2026-04-20T18:15:24","slug":"coconut","status":"publish","type":"product","link":"https:\/\/nikkias.com\/sr\/\u043f\u0440\u043e\u0438\u0437\u0432\u043e\u0434\/coconut","title":{"rendered":"Coconut"},"content":{"rendered":"","protected":false},"excerpt":{"rendered":"<p class=\" translation-block\"><strong>Opis:<\/strong> Svetlosivi drveni okvir koji podse\u0107a na unutra\u0161njost kokosa - \u010dist, prirodan i lagan. Coconut je idealan za one koji vole minimalizam, ali ne odustaju od karaktera.<\/p>","protected":false},"featured_media":657,"template":"","meta":[],"product_brand":[],"product_cat":[18],"product_tag":[],"class_list":{"0":"post-392","1":"product","2":"type-product","3":"status-publish","4":"has-post-thumbnail","6":"product_cat-sunglasses","8":"first","9":"instock","10":"taxable","11":"shipping-taxable","12":"purchasable","13":"product-type-simple"},"_links":{"self":[{"href":"https:\/\/nikkias.com\/sr\/wp-json\/wp\/v2\/product\/392","targetHints":{"allow":["GET"]}}],"collection":[{"href":"https:\/\/nikkias.com\/sr\/wp-json\/wp\/v2\/product"}],"about":[{"href":"https:\/\/nikkias.com\/sr\/wp-json\/wp\/v2\/types\/product"}],"wp:featuredmedia":[{"embeddable":true,"href":"https:\/\/nikkias.com\/sr\/wp-json\/wp\/v2\/media\/657"}],"wp:attachment":[{"href":"https:\/\/nikkias.com\/sr\/wp-json\/wp\/v2\/media?parent=392"}],"wp:term":[{"taxonomy":"product_brand","embeddable":true,"href":"https:\/\/nikkias.com\/sr\/wp-json\/wp\/v2\/product_brand?post=392"},{"taxonomy":"product_cat","embeddable":true,"href":"https:\/\/nikkias.com\/sr\/wp-json\/wp\/v2\/product_cat?post=392"},{"taxonomy":"product_tag","embeddable":true,"href":"https:\/\/nikkias.com\/sr\/wp-json\/wp\/v2\/product_tag?post=392"}],"curies":[{"name":"wp","href":"https:\/\/api.w.org\/{rel}","templated":true}]}}